{"id":49,"date":"2024-10-23T08:29:21","date_gmt":"2024-10-23T11:29:21","guid":{"rendered":"http:\/\/tomeimplantes.com.br\/?page_id=49"},"modified":"2024-10-26T14:58:19","modified_gmt":"2024-10-26T17:58:19","slug":"contato","status":"publish","type":"page","link":"https:\/\/tomeimplantes.com.br\/?page_id=49","title":{"rendered":"Contato"},"content":{"rendered":"\n<p style=\"font-size:25px\">Estamos aqui para ajudar voc\u00ea a alcan\u00e7ar o sorriso dos seus sonhos! Para agendar uma consulta ou tirar d\u00favidas, entre em contato conosco pelo telefone com WhatsApp: <a href=\"https:\/\/wa.me\/5521964797994\" target=\"_blank\" rel=\"noreferrer noopener\"><strong>+55 21 96479-7994<\/strong>.<\/a><\/p>\n\n\n\n<div style=\"height:33px\" aria-hidden=\"true\" class=\"wp-block-spacer\"><\/div>\n\n\n\n<p style=\"font-size:25px\">Agradecemos seu interesse e estamos ansiosos para atend\u00ea-lo!<\/p>\n\n\n\n<iframe src=\"https:\/\/www.google.com\/maps\/embed?pb=!1m18!1m12!1m3!1d3067.8604547093296!2d-43.28770162544916!3d-22.887929837195877!2m3!1f0!2f0!3f0!3m2!1i1024!2i768!4f13.1!3m3!1m2!1s0x997c536992b7a5%3A0x8694bb0034807eb6!2sConsult%C3%B3rio%20Norteoffice%20-%20Av.%20Dom%20H%C3%A9lder%20C%C3%A2mara%2C%205555%20-%20sala%20701%20-%20Todos%20os%20Santos%2C%20Rio%20de%20Janeiro%20-%20RJ%2C%2020770-145!5e1!3m2!1spt-BR!2sbr!4v1729964831450!5m2!1spt-BR!2sbr\" width=\"600\" height=\"450\" style=\"border:0;\" allowfullscreen=\"\" loading=\"lazy\" referrerpolicy=\"no-referrer-when-downgrade\"><\/iframe>\n\n\n\n<p><strong>Consult\u00f3rio Norteoffice<br><\/strong>Av. Dom H\u00e9lder C\u00e2mara, 5555 \u2013 sala 701<br>Todos os Santos \u2013 RJ \u2013 CEP: 20771-001<br><strong>Telefone:<a href=\"https:\/\/wa.me\/5521964797994\" target=\"_blank\" rel=\"noreferrer noopener\"> (21) 96479-7994<\/a><\/strong><br><strong>(ATENDIMENTO SEMPRE COM HORA MARCADA)<\/strong><\/p>\n\n\n\n<p><\/p>\n","protected":false},"excerpt":{"rendered":"<p>Estamos aqui para ajudar voc\u00ea a alcan\u00e7ar o sorriso dos seus sonhos! Para agendar uma consulta ou tirar d\u00favidas, entre em contato conosco pelo telefone com WhatsApp: +55 21 96479-7994. Agradecemos seu interesse e estamos ansiosos para atend\u00ea-lo! Consult\u00f3rio NorteofficeAv. Dom H\u00e9lder C\u00e2mara, 5555 \u2013 sala 701Todos os Santos \u2013 RJ \u2013 CEP: 20771-001Telefone: (21) [&hellip;]<\/p>\n","protected":false},"author":1,"featured_media":0,"parent":0,"menu_order":0,"comment_status":"closed","ping_status":"closed","template":"","meta":{"ngg_post_thumbnail":0,"footnotes":""},"class_list":["post-49","page","type-page","status-publish","hentry"],"_links":{"self":[{"href":"https:\/\/tomeimplantes.com.br\/index.php?rest_route=\/wp\/v2\/pages\/49","targetHints":{"allow":["GET"]}}],"collection":[{"href":"https:\/\/tomeimplantes.com.br\/index.php?rest_route=\/wp\/v2\/pages"}],"about":[{"href":"https:\/\/tomeimplantes.com.br\/index.php?rest_route=\/wp\/v2\/types\/page"}],"author":[{"embeddable":true,"href":"https:\/\/tomeimplantes.com.br\/index.php?rest_route=\/wp\/v2\/users\/1"}],"replies":[{"embeddable":true,"href":"https:\/\/tomeimplantes.com.br\/index.php?rest_route=%2Fwp%2Fv2%2Fcomments&post=49"}],"version-history":[{"count":8,"href":"https:\/\/tomeimplantes.com.br\/index.php?rest_route=\/wp\/v2\/pages\/49\/revisions"}],"predecessor-version":[{"id":499,"href":"https:\/\/tomeimplantes.com.br\/index.php?rest_route=\/wp\/v2\/pages\/49\/revisions\/499"}],"wp:attachment":[{"href":"https:\/\/tomeimplantes.com.br\/index.php?rest_route=%2Fwp%2Fv2%2Fmedia&parent=49"}],"curies":[{"name":"wp","href":"https:\/\/api.w.org\/{rel}","templated":true}]}}