{"id":41,"date":"2024-10-23T07:55:32","date_gmt":"2024-10-23T10:55:32","guid":{"rendered":"http:\/\/tomeimplantes.com.br\/?page_id=41"},"modified":"2024-10-25T17:51:35","modified_gmt":"2024-10-25T20:51:35","slug":"dra-fernanda-tome","status":"publish","type":"page","link":"https:\/\/tomeimplantes.com.br\/?page_id=41","title":{"rendered":"Dra. Fernanda Tom\u00e9"},"content":{"rendered":"<div class=\"wp-block-image\">\n<figure class=\"aligncenter size-large is-resized\"><img loading=\"lazy\" decoding=\"async\" width=\"678\" height=\"1024\" src=\"http:\/\/tomeimplantes.com.br\/wp-content\/uploads\/2024\/10\/PRF7839-678x1024.jpg\" alt=\"\" class=\"wp-image-112\" style=\"width:348px;height:auto\" srcset=\"https:\/\/tomeimplantes.com.br\/wp-content\/uploads\/2024\/10\/PRF7839-678x1024.jpg 678w, https:\/\/tomeimplantes.com.br\/wp-content\/uploads\/2024\/10\/PRF7839-199x300.jpg 199w, https:\/\/tomeimplantes.com.br\/wp-content\/uploads\/2024\/10\/PRF7839-768x1160.jpg 768w, https:\/\/tomeimplantes.com.br\/wp-content\/uploads\/2024\/10\/PRF7839-1017x1536.jpg 1017w, https:\/\/tomeimplantes.com.br\/wp-content\/uploads\/2024\/10\/PRF7839-1356x2048.jpg 1356w, https:\/\/tomeimplantes.com.br\/wp-content\/uploads\/2024\/10\/PRF7839-scaled.jpg 1696w\" sizes=\"auto, (max-width: 678px) 100vw, 678px\" \/><\/figure>\n<\/div>\n\n\n<p style=\"font-size:25px\">A Dra. Fernanda Tom\u00e9 \u00e9 uma profissional apaixonada pela odontologia, com uma trajet\u00f3ria marcada por dedica\u00e7\u00e3o e excel\u00eancia na \u00e1rea de Implantodontia. Como professora chefe da ABO de S\u00e3o Gon\u00e7alo, ela compartilha seu conhecimento e experi\u00eancia com futuros dentistas, contribuindo para a forma\u00e7\u00e3o de profissionais qualificados e comprometidos com a sa\u00fade bucal. Com uma abordagem acolhedora e focada no bem-estar de seus pacientes, a Dra. Fernanda se destaca na pr\u00e1tica cl\u00ednica e na educa\u00e7\u00e3o, sempre buscando as melhores solu\u00e7\u00f5es em tratamentos odontol\u00f3gicos.<\/p>\n\n\n\n<p style=\"font-size:25px\"><strong>T\u00edtulos e Credenciais:<\/strong><\/p>\n\n\n\n<ul class=\"wp-block-list\">\n<li style=\"font-size:25px\">Graduada em Odontologia (2003)<\/li>\n\n\n\n<li style=\"font-size:25px\">Mestre em Implantodontia Oral (2018)<\/li>\n\n\n\n<li style=\"font-size:25px\">Especialista em Implantodontia Oral (2011)<\/li>\n\n\n\n<li style=\"font-size:25px\">Membro da ITI &#8211; International Team for Implantology (2011)<\/li>\n\n\n\n<li style=\"font-size:25px\">Professora da Implantodontia da ABO de S\u00e3o Gon\u00e7alo<\/li>\n\n\n\n<li style=\"font-size:25px\">Credenciada a L-PRF Progress (2012)<\/li>\n\n\n\n<li style=\"font-size:25px\">Credenciada Smart Lab Guide (2015)<\/li>\n\n\n\n<li style=\"font-size:25px\">Publica\u00e7\u00e3o no Brazilian Journal of Health Review (2021)<\/li>\n\n\n\n<li style=\"font-size:25px\">Credenciada em Cirurgia Pl\u00e1stica Gengival &#8211; Mazzterperio (2022)<\/li>\n\n\n\n<li style=\"font-size:25px\">Membro do Neoesthetic Doctors (2024)<\/li>\n\n\n\n<li style=\"font-size:25px\">Pesquisadora cient\u00edfica da empresa EFF dental<\/li>\n<\/ul>\n","protected":false},"excerpt":{"rendered":"<p>A Dra. Fernanda Tom\u00e9 \u00e9 uma profissional apaixonada pela odontologia, com uma trajet\u00f3ria marcada por dedica\u00e7\u00e3o e excel\u00eancia na \u00e1rea de Implantodontia. Como professora chefe da ABO de S\u00e3o Gon\u00e7alo, ela compartilha seu conhecimento e experi\u00eancia com futuros dentistas, contribuindo para a forma\u00e7\u00e3o de profissionais qualificados e comprometidos com a sa\u00fade bucal. Com uma abordagem [&hellip;]<\/p>\n","protected":false},"author":1,"featured_media":0,"parent":0,"menu_order":0,"comment_status":"closed","ping_status":"closed","template":"","meta":{"ngg_post_thumbnail":0,"footnotes":""},"class_list":["post-41","page","type-page","status-publish","hentry"],"_links":{"self":[{"href":"https:\/\/tomeimplantes.com.br\/index.php?rest_route=\/wp\/v2\/pages\/41","targetHints":{"allow":["GET"]}}],"collection":[{"href":"https:\/\/tomeimplantes.com.br\/index.php?rest_route=\/wp\/v2\/pages"}],"about":[{"href":"https:\/\/tomeimplantes.com.br\/index.php?rest_route=\/wp\/v2\/types\/page"}],"author":[{"embeddable":true,"href":"https:\/\/tomeimplantes.com.br\/index.php?rest_route=\/wp\/v2\/users\/1"}],"replies":[{"embeddable":true,"href":"https:\/\/tomeimplantes.com.br\/index.php?rest_route=%2Fwp%2Fv2%2Fcomments&post=41"}],"version-history":[{"count":4,"href":"https:\/\/tomeimplantes.com.br\/index.php?rest_route=\/wp\/v2\/pages\/41\/revisions"}],"predecessor-version":[{"id":114,"href":"https:\/\/tomeimplantes.com.br\/index.php?rest_route=\/wp\/v2\/pages\/41\/revisions\/114"}],"wp:attachment":[{"href":"https:\/\/tomeimplantes.com.br\/index.php?rest_route=%2Fwp%2Fv2%2Fmedia&parent=41"}],"curies":[{"name":"wp","href":"https:\/\/api.w.org\/{rel}","templated":true}]}}