{"id":366,"date":"2024-10-26T13:02:59","date_gmt":"2024-10-26T16:02:59","guid":{"rendered":"http:\/\/tomeimplantes.com.br\/?page_id=366"},"modified":"2025-03-10T13:13:03","modified_gmt":"2025-03-10T16:13:03","slug":"curso","status":"publish","type":"page","link":"https:\/\/tomeimplantes.com.br\/?page_id=366","title":{"rendered":"Cursos"},"content":{"rendered":"<div class=\"wp-block-image\">\n<figure class=\"aligncenter size-large is-resized\"><img loading=\"lazy\" decoding=\"async\" width=\"1024\" height=\"408\" src=\"http:\/\/tomeimplantes.com.br\/wp-content\/uploads\/2025\/03\/1-1024x408.png\" alt=\"\" class=\"wp-image-582\" style=\"width:396px;height:auto\" srcset=\"https:\/\/tomeimplantes.com.br\/wp-content\/uploads\/2025\/03\/1-1024x408.png 1024w, https:\/\/tomeimplantes.com.br\/wp-content\/uploads\/2025\/03\/1-300x119.png 300w, https:\/\/tomeimplantes.com.br\/wp-content\/uploads\/2025\/03\/1-768x306.png 768w, https:\/\/tomeimplantes.com.br\/wp-content\/uploads\/2025\/03\/1-1536x612.png 1536w, https:\/\/tomeimplantes.com.br\/wp-content\/uploads\/2025\/03\/1.png 1542w\" sizes=\"auto, (max-width: 1024px) 100vw, 1024px\" \/><\/figure>\n<\/div>\n\n\n<h3 class=\"wp-block-heading has-text-align-center\" style=\"font-size:25px\">Com a equipe com maior experi\u00eancia em cirurgia guiada do Brasil<\/h3>\n\n\n<div class=\"wp-block-image\">\n<figure class=\"aligncenter size-large is-resized\"><img loading=\"lazy\" decoding=\"async\" width=\"1024\" height=\"226\" src=\"http:\/\/tomeimplantes.com.br\/wp-content\/uploads\/2025\/03\/3-1024x226.png\" alt=\"\" class=\"wp-image-585\" style=\"width:410px;height:auto\" srcset=\"https:\/\/tomeimplantes.com.br\/wp-content\/uploads\/2025\/03\/3-1024x226.png 1024w, https:\/\/tomeimplantes.com.br\/wp-content\/uploads\/2025\/03\/3-300x66.png 300w, https:\/\/tomeimplantes.com.br\/wp-content\/uploads\/2025\/03\/3-768x169.png 768w, https:\/\/tomeimplantes.com.br\/wp-content\/uploads\/2025\/03\/3.png 1438w\" sizes=\"auto, (max-width: 1024px) 100vw, 1024px\" \/><\/figure>\n<\/div>\n\n<div class=\"wp-block-image\">\n<figure class=\"aligncenter size-large is-resized\"><img loading=\"lazy\" decoding=\"async\" width=\"811\" height=\"1024\" src=\"http:\/\/tomeimplantes.com.br\/wp-content\/uploads\/2025\/03\/programacao-visual-cirurgia-Guiada-ABO-SG-2025-1-scaled-1-811x1024.jpg\" alt=\"\" class=\"wp-image-588\" style=\"width:356px;height:auto\" srcset=\"https:\/\/tomeimplantes.com.br\/wp-content\/uploads\/2025\/03\/programacao-visual-cirurgia-Guiada-ABO-SG-2025-1-scaled-1-811x1024.jpg 811w, https:\/\/tomeimplantes.com.br\/wp-content\/uploads\/2025\/03\/programacao-visual-cirurgia-Guiada-ABO-SG-2025-1-scaled-1-238x300.jpg 238w, https:\/\/tomeimplantes.com.br\/wp-content\/uploads\/2025\/03\/programacao-visual-cirurgia-Guiada-ABO-SG-2025-1-scaled-1-768x969.jpg 768w, https:\/\/tomeimplantes.com.br\/wp-content\/uploads\/2025\/03\/programacao-visual-cirurgia-Guiada-ABO-SG-2025-1-scaled-1-1217x1536.jpg 1217w, https:\/\/tomeimplantes.com.br\/wp-content\/uploads\/2025\/03\/programacao-visual-cirurgia-Guiada-ABO-SG-2025-1-scaled-1-1622x2048.jpg 1622w, https:\/\/tomeimplantes.com.br\/wp-content\/uploads\/2025\/03\/programacao-visual-cirurgia-Guiada-ABO-SG-2025-1-scaled-1.jpg 2028w\" sizes=\"auto, (max-width: 811px) 100vw, 811px\" \/><\/figure>\n<\/div>\n\n\n<p class=\"has-text-align-center\">+ de 400 cirurgias realizadas na ABO de S\u00e3o Gon\u00e7alo.<\/p>\n\n\n<div class=\"wp-block-image\">\n<figure class=\"aligncenter size-large is-resized\"><img loading=\"lazy\" decoding=\"async\" width=\"1024\" height=\"563\" src=\"http:\/\/tomeimplantes.com.br\/wp-content\/uploads\/2025\/03\/4-1024x563.png\" alt=\"\" class=\"wp-image-584\" style=\"width:238px;height:auto\" srcset=\"https:\/\/tomeimplantes.com.br\/wp-content\/uploads\/2025\/03\/4-1024x563.png 1024w, https:\/\/tomeimplantes.com.br\/wp-content\/uploads\/2025\/03\/4-300x165.png 300w, https:\/\/tomeimplantes.com.br\/wp-content\/uploads\/2025\/03\/4-768x422.png 768w, https:\/\/tomeimplantes.com.br\/wp-content\/uploads\/2025\/03\/4-1536x845.png 1536w, https:\/\/tomeimplantes.com.br\/wp-content\/uploads\/2025\/03\/4.png 1695w\" sizes=\"auto, (max-width: 1024px) 100vw, 1024px\" \/><\/figure>\n<\/div>\n\n<div class=\"wp-block-image\">\n<figure class=\"aligncenter size-full is-resized\"><img loading=\"lazy\" decoding=\"async\" width=\"824\" height=\"305\" src=\"http:\/\/tomeimplantes.com.br\/wp-content\/uploads\/2025\/03\/5.png\" alt=\"\" class=\"wp-image-587\" style=\"width:237px;height:auto\" srcset=\"https:\/\/tomeimplantes.com.br\/wp-content\/uploads\/2025\/03\/5.png 824w, https:\/\/tomeimplantes.com.br\/wp-content\/uploads\/2025\/03\/5-300x111.png 300w, https:\/\/tomeimplantes.com.br\/wp-content\/uploads\/2025\/03\/5-768x284.png 768w\" sizes=\"auto, (max-width: 824px) 100vw, 824px\" \/><\/figure>\n<\/div>\n\n\n<h4 class=\"wp-block-heading has-text-align-center\"><strong><a href=\"https:\/\/docs.google.com\/forms\/d\/1heZzrJJy_svjvb1I0bKYYT9fPi0iT0jHv2n5Aar3c0Y\/preview\">FA\u00c7A SUA INSCRI\u00c7\u00c3O AGORA<br>CLIQUE AQUI<\/a><\/strong><\/h4>\n\n\n\n<p class=\"has-text-align-center\">Chame no WhatsApp Chat se precisar de mais informa\u00e7\u00f5es:<\/p>\n\n\n<div class=\"wp-block-image\">\n<figure class=\"aligncenter is-resized\"><a href=\"http:\/\/wa.me\/5521970312219\" target=\"_blank\" rel=\"noreferrer noopener\"><img decoding=\"async\" src=\"https:\/\/cirurgiaguiada.odo.br\/wp-content\/uploads\/2025\/03\/WhatsApp_logo.svg.png\" alt=\"\" class=\"wp-image-15\" style=\"width:177px;height:auto\"\/><\/a><\/figure>\n<\/div>\n\n\n<p class=\"has-text-align-center\" style=\"font-size:25px\"><strong>ABO S\u00c3O GON\u00c7ALO<\/strong>: R. Dr. Feliciano Sodr\u00e9, 214 \u2013 306 <br><a href=\"https:\/\/wa.me\/21970312219\">21 97031-2219<\/a>\u00a0(WhatsApp).<\/p>\n\n\n\n<hr class=\"wp-block-separator has-alpha-channel-opacity\"\/>\n\n\n\n<p class=\"has-text-align-center\" style=\"font-size:25px\"><strong>Implantodontia da ABO S\u00e3o Gon\u00e7alo<br>Curso Resid\u00eancia em Implantodontia para Especialistas \u2013 Turma 2025<\/strong><\/p>\n\n\n\n<p>\ud83d\udc49 In\u00edcio: 12 de mar\u00e7o de 2025<br>\u23f3 Dura\u00e7\u00e3o: 10 meses<br>\ud83d\udc69\u200d\u2695\ufe0f\ud83d\udc68\u200d\u2695\ufe0f Equipe com maior experi\u00eancia em Odontologia Digital do Brasil!<\/p>\n\n\n\n<p>Conte\u00fado Program\u00e1tico:<br>\u2714 T\u00e9cnicas de enxertia \u00f3ssea (enxertos 3D)<br>\u2714 ROG (Regenera\u00e7\u00e3o \u00d3ssea Guiada)<br>\u2714 T\u00e9cnicas de levantamento de Seio Maxilar<br>\u2714 Cirurgia Pl\u00e1stica Gengival na Implantodontia<br>\u2714 T\u00e9cnicas de preserva\u00e7\u00e3o alveolar ap\u00f3s exodontia<br>\u2714 All-on-4<br>\u2714 Instala\u00e7\u00e3o de implantes curtos<br>\u2714 Carga imediata em arcos totais e parciais<br>\u2714 Princ\u00edpios b\u00e1sicos de pr\u00f3tese sobre implante<\/p>\n\n\n\n<p>Equipe de Professores:<br>\ud83d\udc69\u200d\ud83c\udfeb Prof\u00aa Fernanda Tom\u00e9<br>\ud83d\udc68\u200d\ud83c\udfeb Prof. Welson Pimentel<br>\ud83d\udc68\u200d\ud83c\udfeb Prof. Saulo S\u00e1<br>\ud83d\udc68\u200d\ud83c\udfeb Prof. Vitor da Costa<\/p>\n\n\n\n<p>\ud83d\udcde Informa\u00e7\u00f5es e Inscri\u00e7\u00f5es:<br>\ud83d\udcf1 <a href=\"https:\/\/wa.me\/5521970312219\" target=\"_blank\" rel=\"noreferrer noopener\">(21) 97031-2219<\/a> | \ud83d\udcf1 <a href=\"https:\/\/wa.me\/5521979496661\" target=\"_blank\" rel=\"noreferrer noopener\">(21) 97949-6661<\/a><br>\ud83c\udf10 Site: <a href=\"http:\/\/www.cirurgiaguiada.odo.br\">www.cirurgiaguiada.odo.br<\/a><\/p>\n\n\n\n<p>\ud83d\udca1 Apoio: EFF Dental Componentes e Plenum<\/p>\n\n\n\n<div class=\"wp-block-columns is-layout-flex wp-container-core-columns-is-layout-9d6595d7 wp-block-columns-is-layout-flex\">\n<div class=\"wp-block-column is-layout-flow wp-block-column-is-layout-flow\">\n<figure class=\"wp-block-image size-large\"><img loading=\"lazy\" decoding=\"async\" width=\"810\" height=\"1024\" src=\"https:\/\/tomeimplantes.com.br\/wp-content\/uploads\/2025\/01\/1-810x1024.png\" alt=\"\" class=\"wp-image-576\" srcset=\"https:\/\/tomeimplantes.com.br\/wp-content\/uploads\/2025\/01\/1-810x1024.png 810w, https:\/\/tomeimplantes.com.br\/wp-content\/uploads\/2025\/01\/1-237x300.png 237w, https:\/\/tomeimplantes.com.br\/wp-content\/uploads\/2025\/01\/1-768x971.png 768w, https:\/\/tomeimplantes.com.br\/wp-content\/uploads\/2025\/01\/1.png 1050w\" sizes=\"auto, (max-width: 810px) 100vw, 810px\" \/><\/figure>\n<\/div>\n\n\n\n<div class=\"wp-block-column is-layout-flow wp-block-column-is-layout-flow\">\n<figure class=\"wp-block-image size-large\"><img loading=\"lazy\" decoding=\"async\" width=\"810\" height=\"1024\" src=\"https:\/\/tomeimplantes.com.br\/wp-content\/uploads\/2025\/01\/2-810x1024.png\" alt=\"\" class=\"wp-image-578\" srcset=\"https:\/\/tomeimplantes.com.br\/wp-content\/uploads\/2025\/01\/2-810x1024.png 810w, https:\/\/tomeimplantes.com.br\/wp-content\/uploads\/2025\/01\/2-237x300.png 237w, https:\/\/tomeimplantes.com.br\/wp-content\/uploads\/2025\/01\/2-768x971.png 768w, https:\/\/tomeimplantes.com.br\/wp-content\/uploads\/2025\/01\/2.png 1050w\" sizes=\"auto, (max-width: 810px) 100vw, 810px\" \/><\/figure>\n<\/div>\n<\/div>\n\n\n\n<p style=\"font-size:25px\">Al\u00e9m de cuidar do sorriso e da sa\u00fade bucal de seus pacientes, a Dra. Fernanda Tom\u00e9 tamb\u00e9m dedica seu tempo e expertise ao ensino e \u00e0 forma\u00e7\u00e3o de outros dentistas. Na sua cl\u00ednica, localizada no bairro Todos os Santos, a Dra. Fernanda promove cursos avan\u00e7ados para profissionais da implantodontia, criando um espa\u00e7o de aprendizado e desenvolvimento t\u00e9cnico.<\/p>\n\n\n\nngg_shortcode_0_placeholder\n\n\n\n<p style=\"font-size:25px\">Com experi\u00eancia como chefe de cirurgia da Associa\u00e7\u00e3o Brasileira de Odontologia (ABO) em S\u00e3o Gon\u00e7alo, Dra. Fernanda combina pr\u00e1tica cl\u00ednica com ensino de excel\u00eancia. Cada curso \u00e9 planejado para oferecer uma experi\u00eancia completa, abordando desde os princ\u00edpios fundamentais at\u00e9 t\u00e9cnicas avan\u00e7adas da implantodontia, com enfoque em pr\u00e1ticas modernas e protocolos rigorosos.<\/p>\n\n\n\n<figure class=\"wp-block-embed is-type-video is-provider-youtube wp-block-embed-youtube wp-embed-aspect-16-9 wp-has-aspect-ratio\"><div class=\"wp-block-embed__wrapper\">\n<iframe loading=\"lazy\" title=\"Cursos ministrados no Rio de Janeiro pela Dra. Fernanda Tom\u00e9\" width=\"500\" height=\"281\" src=\"https:\/\/www.youtube.com\/embed\/UYx44w5KtKw?feature=oembed\" frameborder=\"0\" allow=\"accelerometer; autoplay; clipboard-write; encrypted-media; gyroscope; picture-in-picture; web-share\" referrerpolicy=\"strict-origin-when-cross-origin\" allowfullscreen><\/iframe>\n<\/div><\/figure>\n\n\n\n<p style=\"font-size:25px\"><strong>CURSOS MINISTRADOS:<\/strong><\/p>\n\n\n\n<ul style=\"font-size:25px\" class=\"wp-block-list\">\n<li>Imers\u00e3o em Seio Maxilar<\/li>\n\n\n\n<li>Master class em Cirurgia Guiada<\/li>\n\n\n\n<li>Implantes de Zirc\u00f4nia \u00e9 o futuro?!<\/li>\n\n\n\n<li>T\u00e9cnica All on four e suas aplicabilidades cl\u00ednicas<\/li>\n\n\n\n<li>Pr\u00f3tese sobre implante: Como escolher o componente adequado?<\/li>\n\n\n\n<li>Manejo de tecidos moles para aumento tecidual na implantodontia<\/li>\n\n\n\n<li>A previsibilidade de aumento vertical e horizontal na implantodontia?<\/li>\n<\/ul>\n\n\n\n<p style=\"font-size:25px\">Nossa cl\u00ednica foi projetada para acomodar treinamentos com equipamentos atualizados e materiais de qualidade, oferecendo um ambiente seguro e confort\u00e1vel tanto para pacientes quanto para dentistas em forma\u00e7\u00e3o. Esse compromisso com o ensino e a inova\u00e7\u00e3o reflete nossa paix\u00e3o pelo cuidado em todas as etapas da odontologia, de consult\u00f3rio ao aprendizado cont\u00ednuo.<\/p>\n\n\n\n<p style=\"font-size:25px\"><strong>CURSO MINISTRADOS E PARTICIPA\u00c7\u00d5ES:<\/strong><\/p>\n\n\n\nngg_shortcode_1_placeholder\n","protected":false},"excerpt":{"rendered":"<p>Com a equipe com maior experi\u00eancia em cirurgia guiada do Brasil + de 400 cirurgias realizadas na ABO de S\u00e3o Gon\u00e7alo. FA\u00c7A SUA INSCRI\u00c7\u00c3O AGORACLIQUE AQUI Chame no WhatsApp Chat se precisar de mais informa\u00e7\u00f5es: ABO S\u00c3O GON\u00c7ALO: R. Dr. Feliciano Sodr\u00e9, 214 \u2013 306 21 97031-2219\u00a0(WhatsApp). Implantodontia da ABO S\u00e3o Gon\u00e7aloCurso Resid\u00eancia em Implantodontia [&hellip;]<\/p>\n","protected":false},"author":1,"featured_media":0,"parent":0,"menu_order":0,"comment_status":"closed","ping_status":"closed","template":"","meta":{"ngg_post_thumbnail":0,"footnotes":""},"class_list":["post-366","page","type-page","status-publish","hentry"],"_links":{"self":[{"href":"https:\/\/tomeimplantes.com.br\/index.php?rest_route=\/wp\/v2\/pages\/366","targetHints":{"allow":["GET"]}}],"collection":[{"href":"https:\/\/tomeimplantes.com.br\/index.php?rest_route=\/wp\/v2\/pages"}],"about":[{"href":"https:\/\/tomeimplantes.com.br\/index.php?rest_route=\/wp\/v2\/types\/page"}],"author":[{"embeddable":true,"href":"https:\/\/tomeimplantes.com.br\/index.php?rest_route=\/wp\/v2\/users\/1"}],"replies":[{"embeddable":true,"href":"https:\/\/tomeimplantes.com.br\/index.php?rest_route=%2Fwp%2Fv2%2Fcomments&post=366"}],"version-history":[{"count":18,"href":"https:\/\/tomeimplantes.com.br\/index.php?rest_route=\/wp\/v2\/pages\/366\/revisions"}],"predecessor-version":[{"id":592,"href":"https:\/\/tomeimplantes.com.br\/index.php?rest_route=\/wp\/v2\/pages\/366\/revisions\/592"}],"wp:attachment":[{"href":"https:\/\/tomeimplantes.com.br\/index.php?rest_route=%2Fwp%2Fv2%2Fmedia&parent=366"}],"curies":[{"name":"wp","href":"https:\/\/api.w.org\/{rel}","templated":true}]}}