{"id":198,"date":"2024-10-25T19:49:49","date_gmt":"2024-10-25T22:49:49","guid":{"rendered":"http:\/\/tomeimplantes.com.br\/?page_id=198"},"modified":"2024-10-26T15:45:23","modified_gmt":"2024-10-26T18:45:23","slug":"artigos","status":"publish","type":"page","link":"https:\/\/tomeimplantes.com.br\/?page_id=198","title":{"rendered":"Artigos"},"content":{"rendered":"\n<p>Rela\u00e7\u00e3o entre a densidade mineral \u00f3ssea e a resist\u00eancia \u00e0 compress\u00e3o de blocos \u00f3sseos xen\u00f3genos<br><a href=\"http:\/\/tomeimplantes.com.br\/wp-content\/uploads\/2024\/10\/34273-87564-1-PB.pdf\" target=\"_blank\" rel=\"noreferrer noopener\">CLIQUE PARA ACESAR<\/a><\/p>\n\n\n\n<p>Enxerto em bloco xen\u00f3geno: relato de caso cl\u00ednico [impresso]<br><a href=\"https:\/\/biblioteca.slmandic.edu.br\/biblioteca\/acervo\/detalhe\/114449\">CLIQUE PARA ACESAR<\/a><\/p>\n\n\n\n<p><\/p>\n","protected":false},"excerpt":{"rendered":"<p>Rela\u00e7\u00e3o entre a densidade mineral \u00f3ssea e a resist\u00eancia \u00e0 compress\u00e3o de blocos \u00f3sseos xen\u00f3genosCLIQUE PARA ACESAR Enxerto em bloco xen\u00f3geno: relato de caso cl\u00ednico [impresso]CLIQUE PARA ACESAR<\/p>\n","protected":false},"author":1,"featured_media":0,"parent":0,"menu_order":0,"comment_status":"closed","ping_status":"closed","template":"","meta":{"ngg_post_thumbnail":0,"footnotes":""},"class_list":["post-198","page","type-page","status-publish","hentry"],"_links":{"self":[{"href":"https:\/\/tomeimplantes.com.br\/index.php?rest_route=\/wp\/v2\/pages\/198","targetHints":{"allow":["GET"]}}],"collection":[{"href":"https:\/\/tomeimplantes.com.br\/index.php?rest_route=\/wp\/v2\/pages"}],"about":[{"href":"https:\/\/tomeimplantes.com.br\/index.php?rest_route=\/wp\/v2\/types\/page"}],"author":[{"embeddable":true,"href":"https:\/\/tomeimplantes.com.br\/index.php?rest_route=\/wp\/v2\/users\/1"}],"replies":[{"embeddable":true,"href":"https:\/\/tomeimplantes.com.br\/index.php?rest_route=%2Fwp%2Fv2%2Fcomments&post=198"}],"version-history":[{"count":8,"href":"https:\/\/tomeimplantes.com.br\/index.php?rest_route=\/wp\/v2\/pages\/198\/revisions"}],"predecessor-version":[{"id":506,"href":"https:\/\/tomeimplantes.com.br\/index.php?rest_route=\/wp\/v2\/pages\/198\/revisions\/506"}],"wp:attachment":[{"href":"https:\/\/tomeimplantes.com.br\/index.php?rest_route=%2Fwp%2Fv2%2Fmedia&parent=198"}],"curies":[{"name":"wp","href":"https:\/\/api.w.org\/{rel}","templated":true}]}}